{"id":9,"date":"2015-04-25T23:08:03","date_gmt":"2015-04-25T23:08:03","guid":{"rendered":"http:\/\/todaysmartyrs.org\/?page_id=9"},"modified":"2022-02-20T11:29:23","modified_gmt":"2022-02-20T11:29:23","slug":"events","status":"publish","type":"page","link":"https:\/\/todaysmartyrs.org\/index.php\/events\/","title":{"rendered":"Events"},"content":{"rendered":"<p><em><strong>The Lord said to Satan: &#8220;Where have you been?&#8221; <\/strong><\/em><strong><em>Then Satan answered the Lord and said &#8220;Roaming the earth and patrolling it&#8221;.<\/em> &#8211; Job 1:7-8<\/strong><\/p>\n<p><strong><em>For our struggle is not with flesh and blood but with the principalities, with the powers, with the world rulers of this present darkness&#8230;<\/em> &#8211; Ephesians 6:12<\/strong><\/p>\n<p>Here are reports on specific acts of Christian persecution and martyrdom. They are arranged in chronological order by date of incidence, and then by approximate order of time zone within each date; together they constitute a modern-day martyrology. Reading them can give the impression of &#8216;roaming the earth&#8217; from east to west, but with an eye toward the good that is under attack and the determined witness to the Good News and opposition to evil, and not only the attacks themselves.<\/p>\n<p><a href=\"https:\/\/todaysmartyrs.org\/pdf\/By%20Incident%20Date\/Todays%20Martyrs%202021-12%20December.pdf\" target=\"_blank\" rel=\"noopener noreferrer\"><strong>Click here to see the current month&#8217;s event<\/strong><\/a><\/p>\n<p><a href=\"https:\/\/todaysmartyrs.org\/pdf\/By%20Incident%20Date\/Todays%20Martyrs%202021-11%20November.pdf\" target=\"_blank\" rel=\"noopener noreferrer\">Click here to see the previous month&#8217;s events<\/a><\/p>\n<p>Below are links to events of martyrdom beginning in 1912 (<a href=\"https:\/\/todaysmartyrs.org\/index.php\/timeline\/\">click here for a brief timeline of pre-1912 persecutions<\/a>). It is hoped that this presentation will be useful for education, inspiration, and scholarship. It will always be a work in progress due to continuing persecutions and the rediscovery of older historical accounts that have largely been forgotten.<\/p>\n<p>Lovers of history might want to consider starting with the 1912 documents and then moving forward. Such an approach will give a different perspective of life and civilization than do the usual histories.<\/p>\n<p><a href=\"https:\/\/todaysmartyrs.org\/index.php\/events-2020s\/\"><img loading=\"lazy\" class=\"alignnone size-full wp-image-3995\" src=\"https:\/\/todaysmartyrs.org\/wp-content\/uploads\/2020\/03\/Aedicule-pappaspost-dot-com.jpg\" alt=\"\" width=\"150\" height=\"100\" \/><\/a> \u00a0<a href=\"https:\/\/todaysmartyrs.org\/index.php\/events-2020s\/\">2020&#8217;s<\/a><\/p>\n<p><a href=\"https:\/\/todaysmartyrs.org\/index.php\/2010s\/\"><img loading=\"lazy\" class=\"alignnone size-thumbnail wp-image-376\" src=\"https:\/\/todaysmartyrs.org\/wp-content\/uploads\/2015\/06\/2010s-150x150.jpg\" alt=\"2010s\" width=\"150\" height=\"150\" \/><\/a> <a href=\"https:\/\/todaysmartyrs.org\/index.php\/2010s\/\">2010&#8217;s<\/a><\/p>\n<p><a href=\"https:\/\/todaysmartyrs.org\/index.php\/2000s\/\"><img loading=\"lazy\" class=\"alignnone size-thumbnail wp-image-385\" src=\"https:\/\/todaysmartyrs.org\/wp-content\/uploads\/2015\/04\/2000s-150x150.jpg\" alt=\"2000s\" width=\"150\" height=\"150\" \/><\/a> <a href=\"https:\/\/todaysmartyrs.org\/index.php\/2000s\/\">2000&#8217;s<\/a><\/p>\n<p><a href=\"https:\/\/todaysmartyrs.org\/index.php\/1990s\/\"><img loading=\"lazy\" class=\"alignnone size-thumbnail wp-image-396\" src=\"https:\/\/todaysmartyrs.org\/wp-content\/uploads\/2015\/06\/1990s-150x150.jpg\" alt=\"1990s\" width=\"150\" height=\"150\" \/><\/a> <a href=\"https:\/\/todaysmartyrs.org\/index.php\/1990s\/\">1990&#8217;s<\/a><\/p>\n<p><a href=\"https:\/\/todaysmartyrs.org\/index.php\/1980s\/\"><img loading=\"lazy\" class=\"alignnone size-thumbnail wp-image-402\" src=\"https:\/\/todaysmartyrs.org\/wp-content\/uploads\/2015\/06\/1980s-150x150.jpg\" alt=\"1980s\" width=\"150\" height=\"150\" \/><\/a> <a href=\"https:\/\/todaysmartyrs.org\/index.php\/1980s\/\">1980&#8217;s<\/a><\/p>\n<p><a href=\"https:\/\/todaysmartyrs.org\/index.php\/1970s\/\"><img loading=\"lazy\" class=\"alignnone size-thumbnail wp-image-421\" src=\"https:\/\/todaysmartyrs.org\/wp-content\/uploads\/2015\/04\/1970s2-150x150.jpg\" alt=\"1970s2\" width=\"150\" height=\"150\" \/><\/a> <a href=\"https:\/\/todaysmartyrs.org\/index.php\/1970s\/\">1970&#8217;s<\/a><\/p>\n<p><a href=\"https:\/\/todaysmartyrs.org\/index.php\/1960s\/\"><img loading=\"lazy\" class=\"alignnone size-thumbnail wp-image-411\" src=\"https:\/\/todaysmartyrs.org\/wp-content\/uploads\/2015\/04\/1960s-150x150.jpg\" alt=\"1960's\" width=\"150\" height=\"150\" srcset=\"https:\/\/todaysmartyrs.org\/wp-content\/uploads\/2015\/04\/1960s-150x150.jpg 150w, https:\/\/todaysmartyrs.org\/wp-content\/uploads\/2015\/04\/1960s-300x297.jpg 300w, https:\/\/todaysmartyrs.org\/wp-content\/uploads\/2015\/04\/1960s-303x300.jpg 303w\" sizes=\"(max-width: 150px) 100vw, 150px\" \/><\/a> <a href=\"https:\/\/todaysmartyrs.org\/index.php\/1960s\/\">1960&#8217;s<\/a><\/p>\n<p><a href=\"https:\/\/todaysmartyrs.org\/index.php\/1950s\/\"><img loading=\"lazy\" class=\"alignnone size-thumbnail wp-image-410\" src=\"https:\/\/todaysmartyrs.org\/wp-content\/uploads\/2021\/06\/1950s-150x150.jpg\" alt=\"1950s\" width=\"150\" height=\"150\" \/><\/a> <a href=\"https:\/\/todaysmartyrs.org\/index.php\/1950s\/\">1950&#8217;s<\/a><\/p>\n<p><a href=\"https:\/\/todaysmartyrs.org\/index.php\/1940s\/\"><img loading=\"lazy\" class=\"alignnone wp-image-576\" src=\"https:\/\/todaysmartyrs.org\/wp-content\/uploads\/2015\/06\/1940s-3-300x227.jpg\" alt=\"1940s 3\" width=\"149\" height=\"113\" srcset=\"https:\/\/todaysmartyrs.org\/wp-content\/uploads\/2015\/06\/1940s-3-300x227.jpg 300w, https:\/\/todaysmartyrs.org\/wp-content\/uploads\/2015\/06\/1940s-3.jpg 1024w, https:\/\/todaysmartyrs.org\/wp-content\/uploads\/2015\/06\/1940s-3-397x300.jpg 397w\" sizes=\"(max-width: 149px) 100vw, 149px\" \/><\/a> <a href=\"https:\/\/todaysmartyrs.org\/index.php\/1940s\/\">1940&#8217;s<\/a><\/p>\n<p><a href=\"https:\/\/todaysmartyrs.org\/index.php\/1930s\/\"><img loading=\"lazy\" class=\"alignnone size-thumbnail wp-image-408\" src=\"https:\/\/todaysmartyrs.org\/wp-content\/uploads\/2015\/04\/1930s-150x150.jpg\" alt=\"1930s\" width=\"150\" height=\"150\" \/><\/a> <a href=\"https:\/\/todaysmartyrs.org\/index.php\/1930s\/\">1930&#8217;s<\/a><\/p>\n<p><a href=\"https:\/\/todaysmartyrs.org\/index.php\/1920s\/\"><img loading=\"lazy\" class=\"alignnone size-thumbnail wp-image-407\" src=\"https:\/\/todaysmartyrs.org\/wp-content\/uploads\/2015\/04\/1920s-150x150.gif\" alt=\"1920s\" width=\"150\" height=\"150\" \/><\/a> <a href=\"https:\/\/todaysmartyrs.org\/index.php\/1920s\/\">1920&#8217;s<\/a><\/p>\n<p><a href=\"https:\/\/todaysmartyrs.org\/index.php\/1910s\/\"><img loading=\"lazy\" class=\"alignnone size-thumbnail wp-image-413\" src=\"https:\/\/todaysmartyrs.org\/wp-content\/uploads\/2015\/04\/1910s2-150x150.jpg\" alt=\"1910s2\" width=\"150\" height=\"150\" \/><\/a> <a href=\"https:\/\/todaysmartyrs.org\/index.php\/1910s\/\">1910&#8217;s<\/a><\/p>\n<p><a href=\"https:\/\/todaysmartyrs.org\/index.php\/timeline\/\"><img loading=\"lazy\" class=\"alignnone wp-image-2538\" src=\"https:\/\/todaysmartyrs.org\/wp-content\/uploads\/2017\/03\/Jean-L\u00e9on_G\u00e9r\u00f4me_-_The_Christian_Martyrs_Last_Prayer_-_Walters_37113.jpg\" alt=\"Jean-L\u00e9on_G\u00e9r\u00f4me_-_The_Christian_Martyrs'_Last_Prayer_-_Walters_37113\" width=\"151\" height=\"88\" srcset=\"https:\/\/todaysmartyrs.org\/wp-content\/uploads\/2017\/03\/Jean-L\u00e9on_G\u00e9r\u00f4me_-_The_Christian_Martyrs_Last_Prayer_-_Walters_37113.jpg 1800w, https:\/\/todaysmartyrs.org\/wp-content\/uploads\/2017\/03\/Jean-L\u00e9on_G\u00e9r\u00f4me_-_The_Christian_Martyrs_Last_Prayer_-_Walters_37113-300x175.jpg 300w, https:\/\/todaysmartyrs.org\/wp-content\/uploads\/2017\/03\/Jean-L\u00e9on_G\u00e9r\u00f4me_-_The_Christian_Martyrs_Last_Prayer_-_Walters_37113-768x448.jpg 768w, https:\/\/todaysmartyrs.org\/wp-content\/uploads\/2017\/03\/Jean-L\u00e9on_G\u00e9r\u00f4me_-_The_Christian_Martyrs_Last_Prayer_-_Walters_37113-1024x597.jpg 1024w, https:\/\/todaysmartyrs.org\/wp-content\/uploads\/2017\/03\/Jean-L\u00e9on_G\u00e9r\u00f4me_-_The_Christian_Martyrs_Last_Prayer_-_Walters_37113-500x292.jpg 500w\" sizes=\"(max-width: 151px) 100vw, 151px\" \/><\/a> <a href=\"https:\/\/todaysmartyrs.org\/index.php\/timeline\/\">Pre-1912 Timeline<\/a><\/p>\n<p><a href=\"https:\/\/todaysmartyrs.org\/index.php\/events-analysis\/\"><img loading=\"lazy\" class=\"alignnone wp-image-2154\" src=\"https:\/\/todaysmartyrs.org\/wp-content\/uploads\/2016\/10\/Events-page-counts-by-year.jpg\" alt=\"events-page-counts-by-year\" width=\"151\" height=\"98\" srcset=\"https:\/\/todaysmartyrs.org\/wp-content\/uploads\/2016\/10\/Events-page-counts-by-year.jpg 1012w, https:\/\/todaysmartyrs.org\/wp-content\/uploads\/2016\/10\/Events-page-counts-by-year-300x194.jpg 300w, https:\/\/todaysmartyrs.org\/wp-content\/uploads\/2016\/10\/Events-page-counts-by-year-768x497.jpg 768w, https:\/\/todaysmartyrs.org\/wp-content\/uploads\/2016\/10\/Events-page-counts-by-year-464x300.jpg 464w\" sizes=\"(max-width: 151px) 100vw, 151px\" \/> <\/a><a href=\"https:\/\/todaysmartyrs.org\/index.php\/events-analysis\/\">Statistical Analysis<\/a><\/p>\n<p>&nbsp;<\/p>\n<p>Photos courtesy: 1910&#8217;s Wikipedia; 1940s &#8211; U.S. Defense Visual Information; 1950&#8217;s &#8211; U.S. Dept. Energy; 1960&#8217;s &#8211; Anthony &amp; Amanda Clark Collection, Spokane, Washington; 1970&#8217;s &#8211; U.S. Navy; 2000&#8217;s &#8211; St. Nicholas church and NY Times; 2010&#8217;s &#8211; Reuters; 2020&#8217;s &#8211; pappaspost.com<\/p>\n<p><strong>DISCLAIMER:<\/strong> each Events page begins with a prophetic quotation from the Bible. We make no claim that any event listed here is in any way specifically tied to the accompanying quote&#8230;nor that it is not.<\/p>\n","protected":false},"excerpt":{"rendered":"<p>The Lord said to Satan: &#8220;Where have you been?&#8221; Then Satan answered the Lord and said &#8220;Roaming the earth and patrolling it&#8221;. &#8211; Job 1:7-8 For our struggle is not with flesh and blood but with the principalities, with the powers, with the world rulers of this present darkness&#8230; &#8211; Ephesians 6:12 Here are reports [&hellip;]<\/p>\n","protected":false},"author":4,"featured_media":0,"parent":0,"menu_order":0,"comment_status":"closed","ping_status":"closed","template":"","meta":[],"_links":{"self":[{"href":"https:\/\/todaysmartyrs.org\/index.php\/wp-json\/wp\/v2\/pages\/9"}],"collection":[{"href":"https:\/\/todaysmartyrs.org\/index.php\/wp-json\/wp\/v2\/pages"}],"about":[{"href":"https:\/\/todaysmartyrs.org\/index.php\/wp-json\/wp\/v2\/types\/page"}],"author":[{"embeddable":true,"href":"https:\/\/todaysmartyrs.org\/index.php\/wp-json\/wp\/v2\/users\/4"}],"replies":[{"embeddable":true,"href":"https:\/\/todaysmartyrs.org\/index.php\/wp-json\/wp\/v2\/comments?post=9"}],"version-history":[{"count":136,"href":"https:\/\/todaysmartyrs.org\/index.php\/wp-json\/wp\/v2\/pages\/9\/revisions"}],"predecessor-version":[{"id":4630,"href":"https:\/\/todaysmartyrs.org\/index.php\/wp-json\/wp\/v2\/pages\/9\/revisions\/4630"}],"wp:attachment":[{"href":"https:\/\/todaysmartyrs.org\/index.php\/wp-json\/wp\/v2\/media?parent=9"}],"curies":[{"name":"wp","href":"https:\/\/api.w.org\/{rel}","templated":true}]}}